{"id":2168,"date":"2017-11-30T09:10:29","date_gmt":"2017-11-30T07:10:29","guid":{"rendered":"http:\/\/www.sydansairaala.fi\/sydansairaalan-esittely\/"},"modified":"2024-12-31T11:26:01","modified_gmt":"2024-12-31T09:26:01","slug":"hjartsjukhusets-introduktion","status":"publish","type":"page","link":"https:\/\/www.sydansairaala.fi\/sv\/till-varden\/hjartsjukhusets-introduktion\/","title":{"rendered":"Hj\u00e4rtsjukhusets introduktion"},"content":{"rendered":"<p>&nbsp;<\/p>\n<div class=\"grammarly-disable-indicator\"><\/div>\n<div class=\"grammarly-disable-indicator\"><\/div>\n<div class=\"grammarly-disable-indicator\"><\/div>\n<div class=\"grammarly-disable-indicator\"><\/div>\n<div class=\"grammarly-disable-indicator\"><\/div>\n","protected":false},"excerpt":{"rendered":"<p>&nbsp;<\/p>\n","protected":false},"author":11,"featured_media":0,"parent":2295,"menu_order":20,"comment_status":"closed","ping_status":"closed","template":"page-no-intro.php","meta":{"_acf_changed":false,"_relevanssi_hide_post":"","_relevanssi_hide_content":"","_relevanssi_pin_for_all":"","_relevanssi_pin_keywords":"","_relevanssi_unpin_keywords":"","_relevanssi_related_keywords":"","_relevanssi_related_include_ids":"","_relevanssi_related_exclude_ids":"","_relevanssi_related_no_append":"","_relevanssi_related_not_related":"","_relevanssi_related_posts":"","_relevanssi_noindex_reason":"","footnotes":""},"class_list":["post-2168","page","type-page","status-publish","hentry"],"acf":[],"yoast_head":"<!-- This site is optimized with the Yoast SEO plugin v27.5 - https:\/\/yoast.com\/product\/yoast-seo-wordpress\/ -->\n<title>Hj\u00e4rtsjukhusets introduktion \u2013\u00a0Hj\u00e4rtsjukhuset<\/title>\n<meta name=\"description\" content=\"Hj\u00e4rtsjukhuset \u00e4r ett sjukhus som specialiserat sig p\u00e5 hj\u00e4rtv\u00e5rd. P\u00e5 Hj\u00e4rtsjukhuset f\u00e5r du kvalitativ v\u00e5rd och hj\u00e4rtlig service. F\u00f6r oss \u00e4r det viktigt att du som patient f\u00e5r en smidig, p\u00e5litlig och trygg v\u00e5rderfarenhet. V\u00e5r uppgift \u00e4r att trygga v\u00e5ra patienters hj\u00e4rth\u00e4lsa, helt\u00e4ckande v\u00e4lm\u00e5ende och sinnesro.\" \/>\n<meta name=\"robots\" content=\"index, follow, max-snippet:-1, max-image-preview:large, max-video-preview:-1\" \/>\n<link rel=\"canonical\" href=\"https:\/\/www.sydansairaala.fi\/sv\/till-varden\/hjartsjukhusets-introduktion\/\" \/>\n<meta property=\"og:locale\" content=\"sv_SE\" \/>\n<meta property=\"og:type\" content=\"article\" \/>\n<meta property=\"og:title\" content=\"Hj\u00e4rtsjukhusets introduktion \u2013\u00a0Hj\u00e4rtsjukhuset\" \/>\n<meta property=\"og:description\" content=\"Hj\u00e4rtsjukhuset \u00e4r ett sjukhus som specialiserat sig p\u00e5 hj\u00e4rtv\u00e5rd. P\u00e5 Hj\u00e4rtsjukhuset f\u00e5r du kvalitativ v\u00e5rd och hj\u00e4rtlig service. F\u00f6r oss \u00e4r det viktigt att du som patient f\u00e5r en smidig, p\u00e5litlig och trygg v\u00e5rderfarenhet. V\u00e5r uppgift \u00e4r att trygga v\u00e5ra patienters hj\u00e4rth\u00e4lsa, helt\u00e4ckande v\u00e4lm\u00e5ende och sinnesro.\" \/>\n<meta property=\"og:url\" content=\"https:\/\/www.sydansairaala.fi\/sv\/till-varden\/hjartsjukhusets-introduktion\/\" \/>\n<meta property=\"og:site_name\" content=\"Syd\u00e4nsairaala\" \/>\n<meta property=\"article:publisher\" content=\"https:\/\/www.facebook.com\/sydamesivalinta\/\" \/>\n<meta property=\"article:modified_time\" content=\"2024-12-31T09:26:01+00:00\" \/>\n<meta property=\"og:image\" content=\"https:\/\/www.sydansairaala.fi\/wp-content\/uploads\/ss-share-fallback.png\" \/>\n\t<meta property=\"og:image:width\" content=\"1200\" \/>\n\t<meta property=\"og:image:height\" content=\"628\" \/>\n\t<meta property=\"og:image:type\" content=\"image\/png\" \/>\n<meta name=\"twitter:card\" content=\"summary_large_image\" \/>\n<meta name=\"twitter:label1\" content=\"Ber\u00e4knad l\u00e4stid\" \/>\n\t<meta name=\"twitter:data1\" content=\"2 minuter\" \/>\n<script type=\"application\/ld+json\" class=\"yoast-schema-graph\">{\"@context\":\"https:\\\/\\\/schema.org\",\"@graph\":[{\"@type\":\"WebPage\",\"@id\":\"https:\\\/\\\/www.sydansairaala.fi\\\/sv\\\/till-varden\\\/hjartsjukhusets-introduktion\\\/\",\"url\":\"https:\\\/\\\/www.sydansairaala.fi\\\/sv\\\/till-varden\\\/hjartsjukhusets-introduktion\\\/\",\"name\":\"Hj\u00e4rtsjukhusets introduktion \u2013\u00a0Hj\u00e4rtsjukhuset\",\"isPartOf\":{\"@id\":\"https:\\\/\\\/www.sydansairaala.fi\\\/#website\"},\"datePublished\":\"2017-11-30T07:10:29+00:00\",\"dateModified\":\"2024-12-31T09:26:01+00:00\",\"description\":\"Hj\u00e4rtsjukhuset \u00e4r ett sjukhus som specialiserat sig p\u00e5 hj\u00e4rtv\u00e5rd. P\u00e5 Hj\u00e4rtsjukhuset f\u00e5r du kvalitativ v\u00e5rd och hj\u00e4rtlig service. F\u00f6r oss \u00e4r det viktigt att du som patient f\u00e5r en smidig, p\u00e5litlig och trygg v\u00e5rderfarenhet. V\u00e5r uppgift \u00e4r att trygga v\u00e5ra patienters hj\u00e4rth\u00e4lsa, helt\u00e4ckande v\u00e4lm\u00e5ende och sinnesro.\",\"breadcrumb\":{\"@id\":\"https:\\\/\\\/www.sydansairaala.fi\\\/sv\\\/till-varden\\\/hjartsjukhusets-introduktion\\\/#breadcrumb\"},\"inLanguage\":\"sv-SE\",\"potentialAction\":[{\"@type\":\"ReadAction\",\"target\":[\"https:\\\/\\\/www.sydansairaala.fi\\\/sv\\\/till-varden\\\/hjartsjukhusets-introduktion\\\/\"]}]},{\"@type\":\"BreadcrumbList\",\"@id\":\"https:\\\/\\\/www.sydansairaala.fi\\\/sv\\\/till-varden\\\/hjartsjukhusets-introduktion\\\/#breadcrumb\",\"itemListElement\":[{\"@type\":\"ListItem\",\"position\":1,\"name\":\"Etusivu\",\"item\":\"https:\\\/\\\/www.sydansairaala.fi\\\/sv\\\/\"},{\"@type\":\"ListItem\",\"position\":2,\"name\":\"Till v\u00e5rden\",\"item\":\"https:\\\/\\\/www.sydansairaala.fi\\\/sv\\\/till-varden\\\/\"},{\"@type\":\"ListItem\",\"position\":3,\"name\":\"Hj\u00e4rtsjukhusets introduktion\"}]},{\"@type\":\"WebSite\",\"@id\":\"https:\\\/\\\/www.sydansairaala.fi\\\/#website\",\"url\":\"https:\\\/\\\/www.sydansairaala.fi\\\/\",\"name\":\"Syd\u00e4nsairaala\",\"description\":\"\",\"publisher\":{\"@id\":\"https:\\\/\\\/www.sydansairaala.fi\\\/#organization\"},\"potentialAction\":[{\"@type\":\"SearchAction\",\"target\":{\"@type\":\"EntryPoint\",\"urlTemplate\":\"https:\\\/\\\/www.sydansairaala.fi\\\/?s={search_term_string}\"},\"query-input\":{\"@type\":\"PropertyValueSpecification\",\"valueRequired\":true,\"valueName\":\"search_term_string\"}}],\"inLanguage\":\"sv-SE\"},{\"@type\":\"Organization\",\"@id\":\"https:\\\/\\\/www.sydansairaala.fi\\\/#organization\",\"name\":\"Syd\u00e4nsairaala\",\"url\":\"https:\\\/\\\/www.sydansairaala.fi\\\/\",\"logo\":{\"@type\":\"ImageObject\",\"inLanguage\":\"sv-SE\",\"@id\":\"https:\\\/\\\/www.sydansairaala.fi\\\/#\\\/schema\\\/logo\\\/image\\\/\",\"url\":\"https:\\\/\\\/www.sydansairaala.fi\\\/wp-content\\\/uploads\\\/sydansairaala-logo.svg\",\"contentUrl\":\"https:\\\/\\\/www.sydansairaala.fi\\\/wp-content\\\/uploads\\\/sydansairaala-logo.svg\",\"width\":500,\"height\":110.28,\"caption\":\"Syd\u00e4nsairaala\"},\"image\":{\"@id\":\"https:\\\/\\\/www.sydansairaala.fi\\\/#\\\/schema\\\/logo\\\/image\\\/\"},\"sameAs\":[\"https:\\\/\\\/www.facebook.com\\\/sydamesivalinta\\\/\",\"https:\\\/\\\/www.linkedin.com\\\/company\\\/27121239\\\/\",\"https:\\\/\\\/www.youtube.com\\\/channel\\\/UCl2MGYGAqj88jYNOeIFxXLA\"]}]}<\/script>\n<!-- \/ Yoast SEO plugin. -->","yoast_head_json":{"title":"Hj\u00e4rtsjukhusets introduktion \u2013\u00a0Hj\u00e4rtsjukhuset","description":"Hj\u00e4rtsjukhuset \u00e4r ett sjukhus som specialiserat sig p\u00e5 hj\u00e4rtv\u00e5rd. P\u00e5 Hj\u00e4rtsjukhuset f\u00e5r du kvalitativ v\u00e5rd och hj\u00e4rtlig service. F\u00f6r oss \u00e4r det viktigt att du som patient f\u00e5r en smidig, p\u00e5litlig och trygg v\u00e5rderfarenhet. V\u00e5r uppgift \u00e4r att trygga v\u00e5ra patienters hj\u00e4rth\u00e4lsa, helt\u00e4ckande v\u00e4lm\u00e5ende och sinnesro.","robots":{"index":"index","follow":"follow","max-snippet":"max-snippet:-1","max-image-preview":"max-image-preview:large","max-video-preview":"max-video-preview:-1"},"canonical":"https:\/\/www.sydansairaala.fi\/sv\/till-varden\/hjartsjukhusets-introduktion\/","og_locale":"sv_SE","og_type":"article","og_title":"Hj\u00e4rtsjukhusets introduktion \u2013\u00a0Hj\u00e4rtsjukhuset","og_description":"Hj\u00e4rtsjukhuset \u00e4r ett sjukhus som specialiserat sig p\u00e5 hj\u00e4rtv\u00e5rd. P\u00e5 Hj\u00e4rtsjukhuset f\u00e5r du kvalitativ v\u00e5rd och hj\u00e4rtlig service. F\u00f6r oss \u00e4r det viktigt att du som patient f\u00e5r en smidig, p\u00e5litlig och trygg v\u00e5rderfarenhet. V\u00e5r uppgift \u00e4r att trygga v\u00e5ra patienters hj\u00e4rth\u00e4lsa, helt\u00e4ckande v\u00e4lm\u00e5ende och sinnesro.","og_url":"https:\/\/www.sydansairaala.fi\/sv\/till-varden\/hjartsjukhusets-introduktion\/","og_site_name":"Syd\u00e4nsairaala","article_publisher":"https:\/\/www.facebook.com\/sydamesivalinta\/","article_modified_time":"2024-12-31T09:26:01+00:00","og_image":[{"width":1200,"height":628,"url":"https:\/\/www.sydansairaala.fi\/wp-content\/uploads\/ss-share-fallback.png","type":"image\/png"}],"twitter_card":"summary_large_image","twitter_misc":{"Ber\u00e4knad l\u00e4stid":"2 minuter"},"schema":{"@context":"https:\/\/schema.org","@graph":[{"@type":"WebPage","@id":"https:\/\/www.sydansairaala.fi\/sv\/till-varden\/hjartsjukhusets-introduktion\/","url":"https:\/\/www.sydansairaala.fi\/sv\/till-varden\/hjartsjukhusets-introduktion\/","name":"Hj\u00e4rtsjukhusets introduktion \u2013\u00a0Hj\u00e4rtsjukhuset","isPartOf":{"@id":"https:\/\/www.sydansairaala.fi\/#website"},"datePublished":"2017-11-30T07:10:29+00:00","dateModified":"2024-12-31T09:26:01+00:00","description":"Hj\u00e4rtsjukhuset \u00e4r ett sjukhus som specialiserat sig p\u00e5 hj\u00e4rtv\u00e5rd. P\u00e5 Hj\u00e4rtsjukhuset f\u00e5r du kvalitativ v\u00e5rd och hj\u00e4rtlig service. F\u00f6r oss \u00e4r det viktigt att du som patient f\u00e5r en smidig, p\u00e5litlig och trygg v\u00e5rderfarenhet. V\u00e5r uppgift \u00e4r att trygga v\u00e5ra patienters hj\u00e4rth\u00e4lsa, helt\u00e4ckande v\u00e4lm\u00e5ende och sinnesro.","breadcrumb":{"@id":"https:\/\/www.sydansairaala.fi\/sv\/till-varden\/hjartsjukhusets-introduktion\/#breadcrumb"},"inLanguage":"sv-SE","potentialAction":[{"@type":"ReadAction","target":["https:\/\/www.sydansairaala.fi\/sv\/till-varden\/hjartsjukhusets-introduktion\/"]}]},{"@type":"BreadcrumbList","@id":"https:\/\/www.sydansairaala.fi\/sv\/till-varden\/hjartsjukhusets-introduktion\/#breadcrumb","itemListElement":[{"@type":"ListItem","position":1,"name":"Etusivu","item":"https:\/\/www.sydansairaala.fi\/sv\/"},{"@type":"ListItem","position":2,"name":"Till v\u00e5rden","item":"https:\/\/www.sydansairaala.fi\/sv\/till-varden\/"},{"@type":"ListItem","position":3,"name":"Hj\u00e4rtsjukhusets introduktion"}]},{"@type":"WebSite","@id":"https:\/\/www.sydansairaala.fi\/#website","url":"https:\/\/www.sydansairaala.fi\/","name":"Syd\u00e4nsairaala","description":"","publisher":{"@id":"https:\/\/www.sydansairaala.fi\/#organization"},"potentialAction":[{"@type":"SearchAction","target":{"@type":"EntryPoint","urlTemplate":"https:\/\/www.sydansairaala.fi\/?s={search_term_string}"},"query-input":{"@type":"PropertyValueSpecification","valueRequired":true,"valueName":"search_term_string"}}],"inLanguage":"sv-SE"},{"@type":"Organization","@id":"https:\/\/www.sydansairaala.fi\/#organization","name":"Syd\u00e4nsairaala","url":"https:\/\/www.sydansairaala.fi\/","logo":{"@type":"ImageObject","inLanguage":"sv-SE","@id":"https:\/\/www.sydansairaala.fi\/#\/schema\/logo\/image\/","url":"https:\/\/www.sydansairaala.fi\/wp-content\/uploads\/sydansairaala-logo.svg","contentUrl":"https:\/\/www.sydansairaala.fi\/wp-content\/uploads\/sydansairaala-logo.svg","width":500,"height":110.28,"caption":"Syd\u00e4nsairaala"},"image":{"@id":"https:\/\/www.sydansairaala.fi\/#\/schema\/logo\/image\/"},"sameAs":["https:\/\/www.facebook.com\/sydamesivalinta\/","https:\/\/www.linkedin.com\/company\/27121239\/","https:\/\/www.youtube.com\/channel\/UCl2MGYGAqj88jYNOeIFxXLA"]}]}},"_links":{"self":[{"href":"https:\/\/www.sydansairaala.fi\/sv\/wp-json\/wp\/v2\/pages\/2168","targetHints":{"allow":["GET"]}}],"collection":[{"href":"https:\/\/www.sydansairaala.fi\/sv\/wp-json\/wp\/v2\/pages"}],"about":[{"href":"https:\/\/www.sydansairaala.fi\/sv\/wp-json\/wp\/v2\/types\/page"}],"author":[{"embeddable":true,"href":"https:\/\/www.sydansairaala.fi\/sv\/wp-json\/wp\/v2\/users\/11"}],"replies":[{"embeddable":true,"href":"https:\/\/www.sydansairaala.fi\/sv\/wp-json\/wp\/v2\/comments?post=2168"}],"version-history":[{"count":3,"href":"https:\/\/www.sydansairaala.fi\/sv\/wp-json\/wp\/v2\/pages\/2168\/revisions"}],"predecessor-version":[{"id":15208,"href":"https:\/\/www.sydansairaala.fi\/sv\/wp-json\/wp\/v2\/pages\/2168\/revisions\/15208"}],"up":[{"embeddable":true,"href":"https:\/\/www.sydansairaala.fi\/sv\/wp-json\/wp\/v2\/pages\/2295"}],"wp:attachment":[{"href":"https:\/\/www.sydansairaala.fi\/sv\/wp-json\/wp\/v2\/media?parent=2168"}],"curies":[{"name":"wp","href":"https:\/\/api.w.org\/{rel}","templated":true}]}}