{"id":2282,"date":"2017-11-20T11:16:43","date_gmt":"2017-11-20T09:16:43","guid":{"rendered":"http:\/\/www.sydansairaala.fi\/tutkimus-ja-opetustoiminta\/"},"modified":"2024-12-31T14:39:38","modified_gmt":"2024-12-31T12:39:38","slug":"forsknings-och-utbildningsverksamhet","status":"publish","type":"page","link":"https:\/\/www.sydansairaala.fi\/sv\/till-professionella\/forsknings-och-utbildningsverksamhet\/","title":{"rendered":"Forsknings- och utbildningsverksamhet"},"content":{"rendered":"","protected":false},"excerpt":{"rendered":"","protected":false},"author":11,"featured_media":0,"parent":2301,"menu_order":16,"comment_status":"closed","ping_status":"closed","template":"page-no-intro.php","meta":{"_acf_changed":false,"_relevanssi_hide_post":"","_relevanssi_hide_content":"","_relevanssi_pin_for_all":"","_relevanssi_pin_keywords":"","_relevanssi_unpin_keywords":"","_relevanssi_related_keywords":"","_relevanssi_related_include_ids":"","_relevanssi_related_exclude_ids":"","_relevanssi_related_no_append":"","_relevanssi_related_not_related":"","_relevanssi_related_posts":"","_relevanssi_noindex_reason":"","footnotes":""},"class_list":["post-2282","page","type-page","status-publish","hentry","page_category-ammattilaiselle"],"acf":[],"yoast_head":"<!-- This site is optimized with the Yoast SEO plugin v27.4 - https:\/\/yoast.com\/product\/yoast-seo-wordpress\/ -->\n<title>Forsknings- och utbildningsverksamhet - Syd\u00e4nsairaala<\/title>\n<meta name=\"description\" content=\"Tays Hj\u00e4rtsjukhus koncentrerar sig centralt p\u00e5 vetenskaplig forsknings- och utvecklingsarbete. Hj\u00e4rtsjukhusets forskningsomr\u00e5den kan variera fr\u00e5n v\u00e5rdteknikens utveckling till forskning om patientens livskvalitet efter avslutad v\u00e5rd.\" \/>\n<meta name=\"robots\" content=\"index, follow, max-snippet:-1, max-image-preview:large, max-video-preview:-1\" \/>\n<link rel=\"canonical\" href=\"https:\/\/www.sydansairaala.fi\/sv\/till-professionella\/forsknings-och-utbildningsverksamhet\/\" \/>\n<meta property=\"og:locale\" content=\"sv_SE\" \/>\n<meta property=\"og:type\" content=\"article\" \/>\n<meta property=\"og:title\" content=\"Forsknings- och utbildningsverksamhet - Syd\u00e4nsairaala\" \/>\n<meta property=\"og:description\" content=\"Tays Hj\u00e4rtsjukhus koncentrerar sig centralt p\u00e5 vetenskaplig forsknings- och utvecklingsarbete. Hj\u00e4rtsjukhusets forskningsomr\u00e5den kan variera fr\u00e5n v\u00e5rdteknikens utveckling till forskning om patientens livskvalitet efter avslutad v\u00e5rd.\" \/>\n<meta property=\"og:url\" content=\"https:\/\/www.sydansairaala.fi\/sv\/till-professionella\/forsknings-och-utbildningsverksamhet\/\" \/>\n<meta property=\"og:site_name\" content=\"Syd\u00e4nsairaala\" \/>\n<meta property=\"article:publisher\" content=\"https:\/\/www.facebook.com\/sydamesivalinta\/\" \/>\n<meta property=\"article:modified_time\" content=\"2024-12-31T12:39:38+00:00\" \/>\n<meta property=\"og:image\" content=\"https:\/\/www.sydansairaala.fi\/wp-content\/uploads\/ss-share-fallback.png\" \/>\n\t<meta property=\"og:image:width\" content=\"1200\" \/>\n\t<meta property=\"og:image:height\" content=\"628\" \/>\n\t<meta property=\"og:image:type\" content=\"image\/png\" \/>\n<meta name=\"twitter:card\" content=\"summary_large_image\" \/>\n<meta name=\"twitter:label1\" content=\"Ber\u00e4knad l\u00e4stid\" \/>\n\t<meta name=\"twitter:data1\" content=\"2 minuter\" \/>\n<script type=\"application\/ld+json\" class=\"yoast-schema-graph\">{\"@context\":\"https:\\\/\\\/schema.org\",\"@graph\":[{\"@type\":\"WebPage\",\"@id\":\"https:\\\/\\\/www.sydansairaala.fi\\\/sv\\\/till-professionella\\\/forsknings-och-utbildningsverksamhet\\\/\",\"url\":\"https:\\\/\\\/www.sydansairaala.fi\\\/sv\\\/till-professionella\\\/forsknings-och-utbildningsverksamhet\\\/\",\"name\":\"Forsknings- och utbildningsverksamhet - Syd\u00e4nsairaala\",\"isPartOf\":{\"@id\":\"https:\\\/\\\/www.sydansairaala.fi\\\/#website\"},\"datePublished\":\"2017-11-20T09:16:43+00:00\",\"dateModified\":\"2024-12-31T12:39:38+00:00\",\"description\":\"Tays Hj\u00e4rtsjukhus koncentrerar sig centralt p\u00e5 vetenskaplig forsknings- och utvecklingsarbete. Hj\u00e4rtsjukhusets forskningsomr\u00e5den kan variera fr\u00e5n v\u00e5rdteknikens utveckling till forskning om patientens livskvalitet efter avslutad v\u00e5rd.\",\"breadcrumb\":{\"@id\":\"https:\\\/\\\/www.sydansairaala.fi\\\/sv\\\/till-professionella\\\/forsknings-och-utbildningsverksamhet\\\/#breadcrumb\"},\"inLanguage\":\"sv-SE\",\"potentialAction\":[{\"@type\":\"ReadAction\",\"target\":[\"https:\\\/\\\/www.sydansairaala.fi\\\/sv\\\/till-professionella\\\/forsknings-och-utbildningsverksamhet\\\/\"]}]},{\"@type\":\"BreadcrumbList\",\"@id\":\"https:\\\/\\\/www.sydansairaala.fi\\\/sv\\\/till-professionella\\\/forsknings-och-utbildningsverksamhet\\\/#breadcrumb\",\"itemListElement\":[{\"@type\":\"ListItem\",\"position\":1,\"name\":\"Etusivu\",\"item\":\"https:\\\/\\\/www.sydansairaala.fi\\\/sv\\\/\"},{\"@type\":\"ListItem\",\"position\":2,\"name\":\"Till professionella\",\"item\":\"https:\\\/\\\/www.sydansairaala.fi\\\/sv\\\/till-professionella\\\/\"},{\"@type\":\"ListItem\",\"position\":3,\"name\":\"Forsknings- och utbildningsverksamhet\"}]},{\"@type\":\"WebSite\",\"@id\":\"https:\\\/\\\/www.sydansairaala.fi\\\/#website\",\"url\":\"https:\\\/\\\/www.sydansairaala.fi\\\/\",\"name\":\"Syd\u00e4nsairaala\",\"description\":\"\",\"publisher\":{\"@id\":\"https:\\\/\\\/www.sydansairaala.fi\\\/#organization\"},\"potentialAction\":[{\"@type\":\"SearchAction\",\"target\":{\"@type\":\"EntryPoint\",\"urlTemplate\":\"https:\\\/\\\/www.sydansairaala.fi\\\/?s={search_term_string}\"},\"query-input\":{\"@type\":\"PropertyValueSpecification\",\"valueRequired\":true,\"valueName\":\"search_term_string\"}}],\"inLanguage\":\"sv-SE\"},{\"@type\":\"Organization\",\"@id\":\"https:\\\/\\\/www.sydansairaala.fi\\\/#organization\",\"name\":\"Syd\u00e4nsairaala\",\"url\":\"https:\\\/\\\/www.sydansairaala.fi\\\/\",\"logo\":{\"@type\":\"ImageObject\",\"inLanguage\":\"sv-SE\",\"@id\":\"https:\\\/\\\/www.sydansairaala.fi\\\/#\\\/schema\\\/logo\\\/image\\\/\",\"url\":\"https:\\\/\\\/www.sydansairaala.fi\\\/wp-content\\\/uploads\\\/sydansairaala-logo.svg\",\"contentUrl\":\"https:\\\/\\\/www.sydansairaala.fi\\\/wp-content\\\/uploads\\\/sydansairaala-logo.svg\",\"width\":500,\"height\":110.28,\"caption\":\"Syd\u00e4nsairaala\"},\"image\":{\"@id\":\"https:\\\/\\\/www.sydansairaala.fi\\\/#\\\/schema\\\/logo\\\/image\\\/\"},\"sameAs\":[\"https:\\\/\\\/www.facebook.com\\\/sydamesivalinta\\\/\",\"https:\\\/\\\/www.linkedin.com\\\/company\\\/27121239\\\/\",\"https:\\\/\\\/www.youtube.com\\\/channel\\\/UCl2MGYGAqj88jYNOeIFxXLA\"]}]}<\/script>\n<!-- \/ Yoast SEO plugin. -->","yoast_head_json":{"title":"Forsknings- och utbildningsverksamhet - Syd\u00e4nsairaala","description":"Tays Hj\u00e4rtsjukhus koncentrerar sig centralt p\u00e5 vetenskaplig forsknings- och utvecklingsarbete. Hj\u00e4rtsjukhusets forskningsomr\u00e5den kan variera fr\u00e5n v\u00e5rdteknikens utveckling till forskning om patientens livskvalitet efter avslutad v\u00e5rd.","robots":{"index":"index","follow":"follow","max-snippet":"max-snippet:-1","max-image-preview":"max-image-preview:large","max-video-preview":"max-video-preview:-1"},"canonical":"https:\/\/www.sydansairaala.fi\/sv\/till-professionella\/forsknings-och-utbildningsverksamhet\/","og_locale":"sv_SE","og_type":"article","og_title":"Forsknings- och utbildningsverksamhet - Syd\u00e4nsairaala","og_description":"Tays Hj\u00e4rtsjukhus koncentrerar sig centralt p\u00e5 vetenskaplig forsknings- och utvecklingsarbete. Hj\u00e4rtsjukhusets forskningsomr\u00e5den kan variera fr\u00e5n v\u00e5rdteknikens utveckling till forskning om patientens livskvalitet efter avslutad v\u00e5rd.","og_url":"https:\/\/www.sydansairaala.fi\/sv\/till-professionella\/forsknings-och-utbildningsverksamhet\/","og_site_name":"Syd\u00e4nsairaala","article_publisher":"https:\/\/www.facebook.com\/sydamesivalinta\/","article_modified_time":"2024-12-31T12:39:38+00:00","og_image":[{"width":1200,"height":628,"url":"https:\/\/www.sydansairaala.fi\/wp-content\/uploads\/ss-share-fallback.png","type":"image\/png"}],"twitter_card":"summary_large_image","twitter_misc":{"Ber\u00e4knad l\u00e4stid":"2 minuter"},"schema":{"@context":"https:\/\/schema.org","@graph":[{"@type":"WebPage","@id":"https:\/\/www.sydansairaala.fi\/sv\/till-professionella\/forsknings-och-utbildningsverksamhet\/","url":"https:\/\/www.sydansairaala.fi\/sv\/till-professionella\/forsknings-och-utbildningsverksamhet\/","name":"Forsknings- och utbildningsverksamhet - Syd\u00e4nsairaala","isPartOf":{"@id":"https:\/\/www.sydansairaala.fi\/#website"},"datePublished":"2017-11-20T09:16:43+00:00","dateModified":"2024-12-31T12:39:38+00:00","description":"Tays Hj\u00e4rtsjukhus koncentrerar sig centralt p\u00e5 vetenskaplig forsknings- och utvecklingsarbete. Hj\u00e4rtsjukhusets forskningsomr\u00e5den kan variera fr\u00e5n v\u00e5rdteknikens utveckling till forskning om patientens livskvalitet efter avslutad v\u00e5rd.","breadcrumb":{"@id":"https:\/\/www.sydansairaala.fi\/sv\/till-professionella\/forsknings-och-utbildningsverksamhet\/#breadcrumb"},"inLanguage":"sv-SE","potentialAction":[{"@type":"ReadAction","target":["https:\/\/www.sydansairaala.fi\/sv\/till-professionella\/forsknings-och-utbildningsverksamhet\/"]}]},{"@type":"BreadcrumbList","@id":"https:\/\/www.sydansairaala.fi\/sv\/till-professionella\/forsknings-och-utbildningsverksamhet\/#breadcrumb","itemListElement":[{"@type":"ListItem","position":1,"name":"Etusivu","item":"https:\/\/www.sydansairaala.fi\/sv\/"},{"@type":"ListItem","position":2,"name":"Till professionella","item":"https:\/\/www.sydansairaala.fi\/sv\/till-professionella\/"},{"@type":"ListItem","position":3,"name":"Forsknings- och utbildningsverksamhet"}]},{"@type":"WebSite","@id":"https:\/\/www.sydansairaala.fi\/#website","url":"https:\/\/www.sydansairaala.fi\/","name":"Syd\u00e4nsairaala","description":"","publisher":{"@id":"https:\/\/www.sydansairaala.fi\/#organization"},"potentialAction":[{"@type":"SearchAction","target":{"@type":"EntryPoint","urlTemplate":"https:\/\/www.sydansairaala.fi\/?s={search_term_string}"},"query-input":{"@type":"PropertyValueSpecification","valueRequired":true,"valueName":"search_term_string"}}],"inLanguage":"sv-SE"},{"@type":"Organization","@id":"https:\/\/www.sydansairaala.fi\/#organization","name":"Syd\u00e4nsairaala","url":"https:\/\/www.sydansairaala.fi\/","logo":{"@type":"ImageObject","inLanguage":"sv-SE","@id":"https:\/\/www.sydansairaala.fi\/#\/schema\/logo\/image\/","url":"https:\/\/www.sydansairaala.fi\/wp-content\/uploads\/sydansairaala-logo.svg","contentUrl":"https:\/\/www.sydansairaala.fi\/wp-content\/uploads\/sydansairaala-logo.svg","width":500,"height":110.28,"caption":"Syd\u00e4nsairaala"},"image":{"@id":"https:\/\/www.sydansairaala.fi\/#\/schema\/logo\/image\/"},"sameAs":["https:\/\/www.facebook.com\/sydamesivalinta\/","https:\/\/www.linkedin.com\/company\/27121239\/","https:\/\/www.youtube.com\/channel\/UCl2MGYGAqj88jYNOeIFxXLA"]}]}},"_links":{"self":[{"href":"https:\/\/www.sydansairaala.fi\/sv\/wp-json\/wp\/v2\/pages\/2282","targetHints":{"allow":["GET"]}}],"collection":[{"href":"https:\/\/www.sydansairaala.fi\/sv\/wp-json\/wp\/v2\/pages"}],"about":[{"href":"https:\/\/www.sydansairaala.fi\/sv\/wp-json\/wp\/v2\/types\/page"}],"author":[{"embeddable":true,"href":"https:\/\/www.sydansairaala.fi\/sv\/wp-json\/wp\/v2\/users\/11"}],"replies":[{"embeddable":true,"href":"https:\/\/www.sydansairaala.fi\/sv\/wp-json\/wp\/v2\/comments?post=2282"}],"version-history":[{"count":3,"href":"https:\/\/www.sydansairaala.fi\/sv\/wp-json\/wp\/v2\/pages\/2282\/revisions"}],"predecessor-version":[{"id":15286,"href":"https:\/\/www.sydansairaala.fi\/sv\/wp-json\/wp\/v2\/pages\/2282\/revisions\/15286"}],"up":[{"embeddable":true,"href":"https:\/\/www.sydansairaala.fi\/sv\/wp-json\/wp\/v2\/pages\/2301"}],"wp:attachment":[{"href":"https:\/\/www.sydansairaala.fi\/sv\/wp-json\/wp\/v2\/media?parent=2282"}],"curies":[{"name":"wp","href":"https:\/\/api.w.org\/{rel}","templated":true}]}}