{"id":2299,"date":"2017-11-12T18:20:54","date_gmt":"2017-11-12T16:20:54","guid":{"rendered":"http:\/\/www.sydansairaala.fi\/tietoa\/"},"modified":"2024-04-24T16:02:41","modified_gmt":"2024-04-24T13:02:41","slug":"information","status":"publish","type":"page","link":"https:\/\/www.sydansairaala.fi\/sv\/information\/","title":{"rendered":"Information"},"content":{"rendered":"<p>&nbsp;<\/p>\n<div class=\"grammarly-disable-indicator\"><\/div>\n<div class=\"grammarly-disable-indicator\"><\/div>\n<div class=\"grammarly-disable-indicator\"><\/div>\n","protected":false},"excerpt":{"rendered":"<p>&nbsp;<\/p>\n","protected":false},"author":1,"featured_media":0,"parent":0,"menu_order":8,"comment_status":"closed","ping_status":"closed","template":"","meta":{"_acf_changed":false,"_relevanssi_hide_post":"","_relevanssi_hide_content":"","_relevanssi_pin_for_all":"","_relevanssi_pin_keywords":"","_relevanssi_unpin_keywords":"","_relevanssi_related_keywords":"","_relevanssi_related_include_ids":"","_relevanssi_related_exclude_ids":"","_relevanssi_related_no_append":"","_relevanssi_related_not_related":"","_relevanssi_related_posts":"","_relevanssi_noindex_reason":"","footnotes":""},"class_list":["post-2299","page","type-page","status-publish","hentry"],"acf":[],"yoast_head":"<!-- This site is optimized with the Yoast SEO plugin v27.4 - https:\/\/yoast.com\/product\/yoast-seo-wordpress\/ -->\n<title>Information \u2013 Hj\u00e4rtsjukhuset<\/title>\n<meta name=\"description\" content=\"Vi har samlat information p\u00e5 v\u00e5ra sidor om hj\u00e4rtsymptom samt hj\u00e4rt- och br\u00f6storganiska sjukdomar som v\u00e5rdas p\u00e5 Hj\u00e4rtsjukhuset. Hj\u00e4rtsjukhusets yrkesskickliga arbetare \u00e4r till f\u00f6r dig. Tveka inte om att ta kontakt med oss f\u00f6r att ta reda p\u00e5 orsakerna till dina symptom.\" \/>\n<meta name=\"robots\" content=\"index, follow, max-snippet:-1, max-image-preview:large, max-video-preview:-1\" \/>\n<link rel=\"canonical\" href=\"https:\/\/www.sydansairaala.fi\/sv\/information\/\" \/>\n<meta property=\"og:locale\" content=\"sv_SE\" \/>\n<meta property=\"og:type\" content=\"article\" \/>\n<meta property=\"og:title\" content=\"Information \u2013 Hj\u00e4rtsjukhuset\" \/>\n<meta property=\"og:description\" content=\"Vi har samlat information p\u00e5 v\u00e5ra sidor om hj\u00e4rtsymptom samt hj\u00e4rt- och br\u00f6storganiska sjukdomar som v\u00e5rdas p\u00e5 Hj\u00e4rtsjukhuset. Hj\u00e4rtsjukhusets yrkesskickliga arbetare \u00e4r till f\u00f6r dig. Tveka inte om att ta kontakt med oss f\u00f6r att ta reda p\u00e5 orsakerna till dina symptom.\" \/>\n<meta property=\"og:url\" content=\"https:\/\/www.sydansairaala.fi\/sv\/information\/\" \/>\n<meta property=\"og:site_name\" content=\"Syd\u00e4nsairaala\" \/>\n<meta property=\"article:publisher\" content=\"https:\/\/www.facebook.com\/sydamesivalinta\/\" \/>\n<meta property=\"article:modified_time\" content=\"2024-04-24T13:02:41+00:00\" \/>\n<meta property=\"og:image\" content=\"https:\/\/www.sydansairaala.fi\/wp-content\/uploads\/ss-share-fallback.png\" \/>\n\t<meta property=\"og:image:width\" content=\"1200\" \/>\n\t<meta property=\"og:image:height\" content=\"628\" \/>\n\t<meta property=\"og:image:type\" content=\"image\/png\" \/>\n<meta name=\"twitter:card\" content=\"summary_large_image\" \/>\n<meta name=\"twitter:label1\" content=\"Ber\u00e4knad l\u00e4stid\" \/>\n\t<meta name=\"twitter:data1\" content=\"1 minut\" \/>\n<script type=\"application\/ld+json\" class=\"yoast-schema-graph\">{\"@context\":\"https:\\\/\\\/schema.org\",\"@graph\":[{\"@type\":\"WebPage\",\"@id\":\"https:\\\/\\\/www.sydansairaala.fi\\\/sv\\\/information\\\/\",\"url\":\"https:\\\/\\\/www.sydansairaala.fi\\\/sv\\\/information\\\/\",\"name\":\"Information \u2013 Hj\u00e4rtsjukhuset\",\"isPartOf\":{\"@id\":\"https:\\\/\\\/www.sydansairaala.fi\\\/#website\"},\"datePublished\":\"2017-11-12T16:20:54+00:00\",\"dateModified\":\"2024-04-24T13:02:41+00:00\",\"description\":\"Vi har samlat information p\u00e5 v\u00e5ra sidor om hj\u00e4rtsymptom samt hj\u00e4rt- och br\u00f6storganiska sjukdomar som v\u00e5rdas p\u00e5 Hj\u00e4rtsjukhuset. Hj\u00e4rtsjukhusets yrkesskickliga arbetare \u00e4r till f\u00f6r dig. Tveka inte om att ta kontakt med oss f\u00f6r att ta reda p\u00e5 orsakerna till dina symptom.\",\"breadcrumb\":{\"@id\":\"https:\\\/\\\/www.sydansairaala.fi\\\/sv\\\/information\\\/#breadcrumb\"},\"inLanguage\":\"sv-SE\",\"potentialAction\":[{\"@type\":\"ReadAction\",\"target\":[\"https:\\\/\\\/www.sydansairaala.fi\\\/sv\\\/information\\\/\"]}]},{\"@type\":\"BreadcrumbList\",\"@id\":\"https:\\\/\\\/www.sydansairaala.fi\\\/sv\\\/information\\\/#breadcrumb\",\"itemListElement\":[{\"@type\":\"ListItem\",\"position\":1,\"name\":\"Etusivu\",\"item\":\"https:\\\/\\\/www.sydansairaala.fi\\\/sv\\\/\"},{\"@type\":\"ListItem\",\"position\":2,\"name\":\"Information\"}]},{\"@type\":\"WebSite\",\"@id\":\"https:\\\/\\\/www.sydansairaala.fi\\\/#website\",\"url\":\"https:\\\/\\\/www.sydansairaala.fi\\\/\",\"name\":\"Syd\u00e4nsairaala\",\"description\":\"\",\"publisher\":{\"@id\":\"https:\\\/\\\/www.sydansairaala.fi\\\/#organization\"},\"potentialAction\":[{\"@type\":\"SearchAction\",\"target\":{\"@type\":\"EntryPoint\",\"urlTemplate\":\"https:\\\/\\\/www.sydansairaala.fi\\\/?s={search_term_string}\"},\"query-input\":{\"@type\":\"PropertyValueSpecification\",\"valueRequired\":true,\"valueName\":\"search_term_string\"}}],\"inLanguage\":\"sv-SE\"},{\"@type\":\"Organization\",\"@id\":\"https:\\\/\\\/www.sydansairaala.fi\\\/#organization\",\"name\":\"Syd\u00e4nsairaala\",\"url\":\"https:\\\/\\\/www.sydansairaala.fi\\\/\",\"logo\":{\"@type\":\"ImageObject\",\"inLanguage\":\"sv-SE\",\"@id\":\"https:\\\/\\\/www.sydansairaala.fi\\\/#\\\/schema\\\/logo\\\/image\\\/\",\"url\":\"https:\\\/\\\/www.sydansairaala.fi\\\/wp-content\\\/uploads\\\/sydansairaala-logo.svg\",\"contentUrl\":\"https:\\\/\\\/www.sydansairaala.fi\\\/wp-content\\\/uploads\\\/sydansairaala-logo.svg\",\"width\":500,\"height\":110.28,\"caption\":\"Syd\u00e4nsairaala\"},\"image\":{\"@id\":\"https:\\\/\\\/www.sydansairaala.fi\\\/#\\\/schema\\\/logo\\\/image\\\/\"},\"sameAs\":[\"https:\\\/\\\/www.facebook.com\\\/sydamesivalinta\\\/\",\"https:\\\/\\\/www.linkedin.com\\\/company\\\/27121239\\\/\",\"https:\\\/\\\/www.youtube.com\\\/channel\\\/UCl2MGYGAqj88jYNOeIFxXLA\"]}]}<\/script>\n<!-- \/ Yoast SEO plugin. -->","yoast_head_json":{"title":"Information \u2013 Hj\u00e4rtsjukhuset","description":"Vi har samlat information p\u00e5 v\u00e5ra sidor om hj\u00e4rtsymptom samt hj\u00e4rt- och br\u00f6storganiska sjukdomar som v\u00e5rdas p\u00e5 Hj\u00e4rtsjukhuset. Hj\u00e4rtsjukhusets yrkesskickliga arbetare \u00e4r till f\u00f6r dig. Tveka inte om att ta kontakt med oss f\u00f6r att ta reda p\u00e5 orsakerna till dina symptom.","robots":{"index":"index","follow":"follow","max-snippet":"max-snippet:-1","max-image-preview":"max-image-preview:large","max-video-preview":"max-video-preview:-1"},"canonical":"https:\/\/www.sydansairaala.fi\/sv\/information\/","og_locale":"sv_SE","og_type":"article","og_title":"Information \u2013 Hj\u00e4rtsjukhuset","og_description":"Vi har samlat information p\u00e5 v\u00e5ra sidor om hj\u00e4rtsymptom samt hj\u00e4rt- och br\u00f6storganiska sjukdomar som v\u00e5rdas p\u00e5 Hj\u00e4rtsjukhuset. Hj\u00e4rtsjukhusets yrkesskickliga arbetare \u00e4r till f\u00f6r dig. Tveka inte om att ta kontakt med oss f\u00f6r att ta reda p\u00e5 orsakerna till dina symptom.","og_url":"https:\/\/www.sydansairaala.fi\/sv\/information\/","og_site_name":"Syd\u00e4nsairaala","article_publisher":"https:\/\/www.facebook.com\/sydamesivalinta\/","article_modified_time":"2024-04-24T13:02:41+00:00","og_image":[{"width":1200,"height":628,"url":"https:\/\/www.sydansairaala.fi\/wp-content\/uploads\/ss-share-fallback.png","type":"image\/png"}],"twitter_card":"summary_large_image","twitter_misc":{"Ber\u00e4knad l\u00e4stid":"1 minut"},"schema":{"@context":"https:\/\/schema.org","@graph":[{"@type":"WebPage","@id":"https:\/\/www.sydansairaala.fi\/sv\/information\/","url":"https:\/\/www.sydansairaala.fi\/sv\/information\/","name":"Information \u2013 Hj\u00e4rtsjukhuset","isPartOf":{"@id":"https:\/\/www.sydansairaala.fi\/#website"},"datePublished":"2017-11-12T16:20:54+00:00","dateModified":"2024-04-24T13:02:41+00:00","description":"Vi har samlat information p\u00e5 v\u00e5ra sidor om hj\u00e4rtsymptom samt hj\u00e4rt- och br\u00f6storganiska sjukdomar som v\u00e5rdas p\u00e5 Hj\u00e4rtsjukhuset. Hj\u00e4rtsjukhusets yrkesskickliga arbetare \u00e4r till f\u00f6r dig. Tveka inte om att ta kontakt med oss f\u00f6r att ta reda p\u00e5 orsakerna till dina symptom.","breadcrumb":{"@id":"https:\/\/www.sydansairaala.fi\/sv\/information\/#breadcrumb"},"inLanguage":"sv-SE","potentialAction":[{"@type":"ReadAction","target":["https:\/\/www.sydansairaala.fi\/sv\/information\/"]}]},{"@type":"BreadcrumbList","@id":"https:\/\/www.sydansairaala.fi\/sv\/information\/#breadcrumb","itemListElement":[{"@type":"ListItem","position":1,"name":"Etusivu","item":"https:\/\/www.sydansairaala.fi\/sv\/"},{"@type":"ListItem","position":2,"name":"Information"}]},{"@type":"WebSite","@id":"https:\/\/www.sydansairaala.fi\/#website","url":"https:\/\/www.sydansairaala.fi\/","name":"Syd\u00e4nsairaala","description":"","publisher":{"@id":"https:\/\/www.sydansairaala.fi\/#organization"},"potentialAction":[{"@type":"SearchAction","target":{"@type":"EntryPoint","urlTemplate":"https:\/\/www.sydansairaala.fi\/?s={search_term_string}"},"query-input":{"@type":"PropertyValueSpecification","valueRequired":true,"valueName":"search_term_string"}}],"inLanguage":"sv-SE"},{"@type":"Organization","@id":"https:\/\/www.sydansairaala.fi\/#organization","name":"Syd\u00e4nsairaala","url":"https:\/\/www.sydansairaala.fi\/","logo":{"@type":"ImageObject","inLanguage":"sv-SE","@id":"https:\/\/www.sydansairaala.fi\/#\/schema\/logo\/image\/","url":"https:\/\/www.sydansairaala.fi\/wp-content\/uploads\/sydansairaala-logo.svg","contentUrl":"https:\/\/www.sydansairaala.fi\/wp-content\/uploads\/sydansairaala-logo.svg","width":500,"height":110.28,"caption":"Syd\u00e4nsairaala"},"image":{"@id":"https:\/\/www.sydansairaala.fi\/#\/schema\/logo\/image\/"},"sameAs":["https:\/\/www.facebook.com\/sydamesivalinta\/","https:\/\/www.linkedin.com\/company\/27121239\/","https:\/\/www.youtube.com\/channel\/UCl2MGYGAqj88jYNOeIFxXLA"]}]}},"_links":{"self":[{"href":"https:\/\/www.sydansairaala.fi\/sv\/wp-json\/wp\/v2\/pages\/2299","targetHints":{"allow":["GET"]}}],"collection":[{"href":"https:\/\/www.sydansairaala.fi\/sv\/wp-json\/wp\/v2\/pages"}],"about":[{"href":"https:\/\/www.sydansairaala.fi\/sv\/wp-json\/wp\/v2\/types\/page"}],"author":[{"embeddable":true,"href":"https:\/\/www.sydansairaala.fi\/sv\/wp-json\/wp\/v2\/users\/1"}],"replies":[{"embeddable":true,"href":"https:\/\/www.sydansairaala.fi\/sv\/wp-json\/wp\/v2\/comments?post=2299"}],"version-history":[{"count":2,"href":"https:\/\/www.sydansairaala.fi\/sv\/wp-json\/wp\/v2\/pages\/2299\/revisions"}],"predecessor-version":[{"id":14512,"href":"https:\/\/www.sydansairaala.fi\/sv\/wp-json\/wp\/v2\/pages\/2299\/revisions\/14512"}],"wp:attachment":[{"href":"https:\/\/www.sydansairaala.fi\/sv\/wp-json\/wp\/v2\/media?parent=2299"}],"curies":[{"name":"wp","href":"https:\/\/api.w.org\/{rel}","templated":true}]}}